{"id":1125,"date":"2012-09-02T13:04:09","date_gmt":"2012-09-02T11:04:09","guid":{"rendered":"http:\/\/nicotupe.fr\/Blog\/?page_id=1125"},"modified":"2024-05-27T10:29:55","modified_gmt":"2024-05-27T08:29:55","slug":"a-propos","status":"publish","type":"page","link":"http:\/\/nicotupe.fr\/Blog\/a-propos\/","title":{"rendered":"A propos"},"content":{"rendered":"<h1 style=\"text-align: left;\">Aujourd&#8217;hui<\/h1>\n<p style=\"text-align: left;\">Ce blog a pour unique but de rassembler tout ce qu&#8217;il peut m&#8217;arriver de produire sur l&#8217;internet mondial.<\/p>\n<ul style=\"text-align: left;\">\n<li>Dictateur Podcasteur qui parle surtout de math chez <a href=\"http:\/\/podcastscience.fm\" target=\"_blank\" rel=\"noopener\">PodcastScience<\/a><\/li>\n<li>Dessinateur dont les dessins apparaissent sur\u00a0<a href=\"http:\/\/stripscience.cafe-sciences.org\/\" target=\"_blank\" rel=\"noopener\">StripScience<\/a><\/li>\n<\/ul>\n<div style=\"text-align: left;\">Et pour ce que je ne produit pas mais qui passe sous mes yeux et les illumine, il y a mon <a href=\"http:\/\/nicotupe.tumblr.com\" target=\"_blank\" rel=\"noopener\">Tumblr<\/a>\u00a0et mon <a href=\"http:\/\/twitter.com\/nicotupe\">Twitter<\/a>.<\/div>\n<h1 style=\"text-align: left;\">Historique<\/h1>\n<p style=\"text-align: left;\">Au d\u00e9but il y a un <a href=\"http:\/\/nicotupe.tumblr.com\" target=\"_blank\" rel=\"noopener\">Tumblr<\/a> et un compte <a href=\"http:\/\/twitter.com\/nicotupe\">twitter<\/a>, vecteur de diffusion de la cr\u00e9ativit\u00e9 de l&#8217;humanit\u00e9 (certains appellent \u00e7a parfois WTF&#8230;).<\/p>\n<p style=\"text-align: left;\"><a href=\"http:\/\/nicotupe.fr\/Blog\/wp-content\/uploads\/2012\/09\/nicoIdTwitter.jpeg\" rel=\"lightbox[1125]\"> img class=&#8221;aligncenter size-medium wp-image-1143&#8243; title=&#8221;nicoIdTwitter&#8221; src=&#8221;http:\/\/nicotupe.fr\/Blog\/wp-content\/uploads\/2012\/09\/nicoIdTwitter-188&#215;188.jpeg&#8221; alt=&#8221;&#8221; width=&#8221;188&#8243; height=&#8221;188&#8243; <\/a><\/p>\n<p style=\"text-align: left;\">Puis, \u00a0en cette fin d&#8217;ann\u00e9e 2011,\u00a0je publiais mon premier roman, une th\u00e8se de math\u00e9matiques appliqu\u00e9s et cl\u00f4turais ainsi un fort enrichissant passage au Palais de la D\u00e9couverte. Au milieu de la salle Pi j&#8217;y m\u00ealais deux passions, l&#8217;improvisation th\u00e9\u00e2trale et la diffusion scientifique. La diffusion \u00e9tait une d\u00e9couverte alors que l&#8217;on pouvait d\u00e9j\u00e0 me voir improviser avec la troupe des <a href=\"http:\/\/ruebarrow.fr\">Evad\u00e9s de la rue Barrow<\/a> sous un autre nom.<\/p>\n<p style=\"text-align: left;\"><a href=\"http:\/\/nicotupe.fr\/Blog\/wp-content\/uploads\/2012\/09\/ecusson5.png\" rel=\"lightbox[1125]\"><img loading=\"lazy\" decoding=\"async\" class=\"aligncenter size-medium wp-image-1144\" title=\"ecusson5\" src=\"http:\/\/nicotupe.fr\/Blog\/wp-content\/uploads\/2012\/09\/ecusson5-186x188.png\" alt=\"\" width=\"186\" height=\"188\" srcset=\"http:\/\/nicotupe.fr\/Blog\/wp-content\/uploads\/2012\/09\/ecusson5-186x188.png 186w, http:\/\/nicotupe.fr\/Blog\/wp-content\/uploads\/2012\/09\/ecusson5-88x88.png 88w, http:\/\/nicotupe.fr\/Blog\/wp-content\/uploads\/2012\/09\/ecusson5-490x494.png 490w, http:\/\/nicotupe.fr\/Blog\/wp-content\/uploads\/2012\/09\/ecusson5.png 818w\" sizes=\"auto, (max-width: 186px) 100vw, 186px\" \/><\/a><\/p>\n<p style=\"text-align: left;\">Quelques mois plus tard, pour la premi\u00e8re fois de ma vie, j&#8217;interp\u00e8le un podcast suisse du nom de <a href=\"http:\/\/podcastscience.fm\">PodcastScience<\/a> sur le peu de math\u00e9matiques propos\u00e9s. Un certain Alan me propose de mettre la main \u00e0 la p\u00e2te. La r\u00e8gle num\u00e9ro un d&#8217;un improvisateur est d&#8217;accepter alors un mois plus tard me voil\u00e0 en direct \u00e0 parler d&#8217;infini et finalement recrut\u00e9 dans ce joyeux projet.<\/p>\n<p style=\"text-align: left;\"><a href=\"http:\/\/nicotupe.fr\/Blog\/wp-content\/uploads\/2012\/09\/Podcast-Science-TEXT.png\" rel=\"lightbox[1125]\"><img loading=\"lazy\" decoding=\"async\" class=\"aligncenter size-medium wp-image-1145\" title=\"Podcast Science TEXT\" src=\"http:\/\/nicotupe.fr\/Blog\/wp-content\/uploads\/2012\/09\/Podcast-Science-TEXT-188x53.png\" alt=\"\" width=\"188\" height=\"53\" srcset=\"http:\/\/nicotupe.fr\/Blog\/wp-content\/uploads\/2012\/09\/Podcast-Science-TEXT-188x53.png 188w, http:\/\/nicotupe.fr\/Blog\/wp-content\/uploads\/2012\/09\/Podcast-Science-TEXT-494x140.png 494w, http:\/\/nicotupe.fr\/Blog\/wp-content\/uploads\/2012\/09\/Podcast-Science-TEXT-960x272.png 960w, http:\/\/nicotupe.fr\/Blog\/wp-content\/uploads\/2012\/09\/Podcast-Science-TEXT.png 1282w\" sizes=\"auto, (max-width: 188px) 100vw, 188px\" \/><\/a><\/p>\n<p style=\"text-align: left;\">Comme tout se sait, le m\u00eame Alan d\u00e9couvre qu&#8217;il m&#8217;arrive de tenir un crayon pour autre chose que des \u00e9quations. Le malhereux me commande non sans humour une illustration pour le lendemain avant 16h. Ing\u00e9nieur de formation, mon ADN \u00e0 mut\u00e9 pour respecter co\u00fbte que co\u00fbte une dead line (en s&#8217;y prenant une heure avant, certes). 15h59, l&#8217;illustration \u00e9tait dans sa bo\u00eete de r\u00e9ception (l&#8217;avance apparente sur la r\u00e9alisation est uniquement due au d\u00e9calage des horloges de nos ordinateurs bien entendu). L&#8217;engrenage \u00e9tait relance, je dessine d\u00e9sormais r\u00e9guli\u00e8rement pour PodcastScience.<\/p>\n<p style=\"text-align: left;\">Fermement convaincu que les math\u00e9maticiens sont des flemmards, je trouve normal d&#8217;inclure de l&#8217;improvisation dans toute cr\u00e9ation. Partant d&#8217;un triste probl\u00e8me technique l&#8217;id\u00e9e nait alors au sein de PodcastScience d&#8217;illustrer en temps r\u00e9el l&#8217;episode en train de se d\u00e9rouler! Suite \u00e0 une premi\u00e8re sans encombres contant l&#8217;ingeniosit\u00e9 des fourmis, un certain <a href=\"http:\/\/twitter.com\/pierrekerner\">Pierre<\/a> me propose de rejoindre <a href=\"http:\/\/stripscience.cafe-sciences.org\/\">Strip Science<\/a>, une formidable communaut\u00e9 d&#8217;illustrateurs et blogueurs scientifiques!<\/p>\n<p style=\"text-align: left;\"><a href=\"http:\/\/nicotupe.fr\/Blog\/wp-content\/uploads\/2012\/09\/Capture-d\u2019\u00e9cran-2012-09-02-\u00e0-17.05.25.png\" rel=\"lightbox[1125]\"><img loading=\"lazy\" decoding=\"async\" class=\"aligncenter size-medium wp-image-1146\" title=\"SSience Logo\" src=\"http:\/\/nicotupe.fr\/Blog\/wp-content\/uploads\/2012\/09\/Capture-d\u2019\u00e9cran-2012-09-02-\u00e0-17.05.25-188x76.png\" alt=\"\" width=\"188\" height=\"76\" srcset=\"http:\/\/nicotupe.fr\/Blog\/wp-content\/uploads\/2012\/09\/Capture-d\u2019\u00e9cran-2012-09-02-\u00e0-17.05.25-188x76.png 188w, http:\/\/nicotupe.fr\/Blog\/wp-content\/uploads\/2012\/09\/Capture-d\u2019\u00e9cran-2012-09-02-\u00e0-17.05.25-494x200.png 494w, http:\/\/nicotupe.fr\/Blog\/wp-content\/uploads\/2012\/09\/Capture-d\u2019\u00e9cran-2012-09-02-\u00e0-17.05.25.png 740w\" sizes=\"auto, (max-width: 188px) 100vw, 188px\" \/><\/a><\/p>\n<p style=\"text-align: left;\">La rentr\u00e9e 2012 a vu, un peu par hasard, l&#8217;arriv\u00e9e d&#8217;un nouveau concept aussi \u00e9trange qu&#8217;attirant, le <a href=\"http:\/\/nicotupe.fr\/Blog\/category\/sciences\/stripscience\/ffpm\/\">FFPM<\/a> (pour Freaky Friday Parasite Meme). Les plus sp\u00e9cialistes auront reconnu la premi\u00e8re expression &#8220;<a href=\"http:\/\/ssaft.com\/Blog\/dotclear\/index.php?tag\/Freaky%20Friday%20Parasite\">Freaky Friday Parasite<\/a>&#8220;, une cat\u00e9gorie du blog <a href=\"http:\/\/www.ssaft.com\">SSAFT<\/a>\u00a0recensant sp\u00e9cialement le vendredi des parasites particuli\u00e8rement vicieux&#8230; Le FFPM c&#8217;est tout simplement ces parasites repr\u00e9sent\u00e9s sous forme de m\u00e8mes!<\/p>\n<p style=\"text-align: left;\"><a href=\"http:\/\/nicotupe.fr\/Blog\/wp-content\/uploads\/2012\/09\/FFPMLogo.jpg\" rel=\"lightbox[1125]\"><img loading=\"lazy\" decoding=\"async\" class=\"aligncenter size-medium wp-image-1255\" title=\"FFPMLogo\" src=\"http:\/\/nicotupe.fr\/Blog\/wp-content\/uploads\/2012\/09\/FFPMLogo-188x188.jpg\" alt=\"\" width=\"188\" height=\"188\" srcset=\"http:\/\/nicotupe.fr\/Blog\/wp-content\/uploads\/2012\/09\/FFPMLogo-188x188.jpg 188w, http:\/\/nicotupe.fr\/Blog\/wp-content\/uploads\/2012\/09\/FFPMLogo-88x88.jpg 88w, http:\/\/nicotupe.fr\/Blog\/wp-content\/uploads\/2012\/09\/FFPMLogo-494x494.jpg 494w, http:\/\/nicotupe.fr\/Blog\/wp-content\/uploads\/2012\/09\/FFPMLogo.jpg 537w\" sizes=\"auto, (max-width: 188px) 100vw, 188px\" \/><\/a><\/p>\n<p style=\"text-align: left;\">Autre projet un peu fou de ce d\u00e9but d&#8217;ann\u00e9e c&#8217;est &#8220;<a href=\"http:\/\/nicotupe.fr\/Blog\/category\/breluche\/\">La breluche dor\u00e9e<\/a>&#8221; de <a href=\"http:\/\/www.twitter.com\/wproof\">Walter Proof<\/a>. Celui-ci d\u00e9cide de lancer un grand feuilleton audio sur l&#8217;internet mondial. Suite \u00e0 un casting je me vois accord\u00e9 le r\u00f4le du commentateur des ann\u00e9es 30, pour le meilleur et pour le rire.<\/p>\n<p style=\"text-align: left;\"><a href=\"http:\/\/nicotupe.fr\/Blog\/wp-content\/uploads\/2012\/09\/breluchelogo800x800.jpeg\" rel=\"lightbox[1125]\"><img loading=\"lazy\" decoding=\"async\" class=\"aligncenter size-medium wp-image-1115\" title=\"breluchelogo800x800\" src=\"http:\/\/nicotupe.fr\/Blog\/wp-content\/uploads\/2012\/09\/breluchelogo800x800-188x188.jpeg\" alt=\"\" width=\"188\" height=\"188\" srcset=\"http:\/\/nicotupe.fr\/Blog\/wp-content\/uploads\/2012\/09\/breluchelogo800x800-188x188.jpeg 188w, http:\/\/nicotupe.fr\/Blog\/wp-content\/uploads\/2012\/09\/breluchelogo800x800-88x88.jpeg 88w, http:\/\/nicotupe.fr\/Blog\/wp-content\/uploads\/2012\/09\/breluchelogo800x800-494x494.jpeg 494w, http:\/\/nicotupe.fr\/Blog\/wp-content\/uploads\/2012\/09\/breluchelogo800x800.jpeg 800w\" sizes=\"auto, (max-width: 188px) 100vw, 188px\" \/><\/a><\/p>\n<p style=\"text-align: left;\">\u00a0Podcast, dessin, dessin, podcast, il \u00e9tait temps de m\u00e9ler \u00e7a dans un grand \u00e9v\u00e8nement! Sur une id\u00e9e de je ne sais plus trop qui (sans doute un Alan, ou un Pierre ou un autre membre de StripScience) ont \u00e9t\u00e9 cr\u00e9es les soir\u00e9es radio-dessin\u00e9es! L&#8217;occasion de faire un \u00e9pisode de PodcastScience en Live mis en image par les dessinateurs de StripScience!<\/p>\n<p style=\"text-align: left;\"><a href=\"http:\/\/nicotupe.fr\/Blog\/wp-content\/uploads\/2013\/03\/AfficheFinleR.png\" rel=\"lightbox[1125]\"><img loading=\"lazy\" decoding=\"async\" class=\"aligncenter size-medium wp-image-1460\" src=\"http:\/\/nicotupe.fr\/Blog\/wp-content\/uploads\/2013\/03\/AfficheFinleR-132x188.png\" alt=\"AfficheFinleR\" width=\"132\" height=\"188\" srcset=\"http:\/\/nicotupe.fr\/Blog\/wp-content\/uploads\/2013\/03\/AfficheFinleR-132x188.png 132w, http:\/\/nicotupe.fr\/Blog\/wp-content\/uploads\/2013\/03\/AfficheFinleR-349x494.png 349w, http:\/\/nicotupe.fr\/Blog\/wp-content\/uploads\/2013\/03\/AfficheFinleR-678x960.png 678w, http:\/\/nicotupe.fr\/Blog\/wp-content\/uploads\/2013\/03\/AfficheFinleR.png 1000w\" sizes=\"auto, (max-width: 132px) 100vw, 132px\" \/><\/a><\/p>\n<p style=\"text-align: left;\">\n<p>w<\/p>\n<p class=\"wp-flattr-button\"><a class=\"FlattrButton\" style=\"display:none;\" href=\"http:\/\/nicotupe.fr\/Blog\/a-propos\/\" title=\" A propos\" rev=\"flattr;uid:nicotupe;language:fr_FR;category:text;tags:nicotupe.fr;\">Aujourd&#8217;hui Ce blog a pour unique but de rassembler tout ce qu&#8217;il peut m&#8217;arriver de produire sur l&#8217;internet mondial. Dictateur Podcasteur qui parle surtout de math chez PodcastScience Dessinateur dont...<\/a><\/p>","protected":false},"excerpt":{"rendered":"<p>Aujourd&#8217;hui Ce blog a pour unique but de rassembler tout ce qu&#8217;il peut m&#8217;arriver de produire sur l&#8217;internet mondial. Dictateur Podcasteur qui parle surtout de math chez PodcastScience Dessinateur dont les dessins apparaissent sur\u00a0StripScience Et pour ce que je ne produit pas mais qui passe sous mes yeux et les illumine, il y a mon [&hellip;]<\/p>\n","protected":false},"author":1,"featured_media":878,"parent":0,"menu_order":6,"comment_status":"open","ping_status":"closed","template":"","meta":{"footnotes":"","_links_to":"","_links_to_target":""},"class_list":["post-1125","page","type-page","status-publish","has-post-thumbnail","hentry"],"_links":{"self":[{"href":"http:\/\/nicotupe.fr\/Blog\/wp-json\/wp\/v2\/pages\/1125","targetHints":{"allow":["GET"]}}],"collection":[{"href":"http:\/\/nicotupe.fr\/Blog\/wp-json\/wp\/v2\/pages"}],"about":[{"href":"http:\/\/nicotupe.fr\/Blog\/wp-json\/wp\/v2\/types\/page"}],"author":[{"embeddable":true,"href":"http:\/\/nicotupe.fr\/Blog\/wp-json\/wp\/v2\/users\/1"}],"replies":[{"embeddable":true,"href":"http:\/\/nicotupe.fr\/Blog\/wp-json\/wp\/v2\/comments?post=1125"}],"version-history":[{"count":18,"href":"http:\/\/nicotupe.fr\/Blog\/wp-json\/wp\/v2\/pages\/1125\/revisions"}],"predecessor-version":[{"id":2313,"href":"http:\/\/nicotupe.fr\/Blog\/wp-json\/wp\/v2\/pages\/1125\/revisions\/2313"}],"wp:featuredmedia":[{"embeddable":true,"href":"http:\/\/nicotupe.fr\/Blog\/wp-json\/wp\/v2\/media\/878"}],"wp:attachment":[{"href":"http:\/\/nicotupe.fr\/Blog\/wp-json\/wp\/v2\/media?parent=1125"}],"curies":[{"name":"wp","href":"https:\/\/api.w.org\/{rel}","templated":true}]}}